{"id":51,"date":"2021-02-03T11:08:30","date_gmt":"2021-02-03T11:08:30","guid":{"rendered":"https:\/\/gestimedios.com\/?page_id=51"},"modified":"2021-09-28T09:47:46","modified_gmt":"2021-09-28T09:47:46","slug":"contacto","status":"publish","type":"page","link":"https:\/\/centrodenegocioscordoba.com\/hispacer\/contacto\/","title":{"rendered":"Contacto"},"content":{"rendered":"<p>[et_pb_section fb_built=\u00bb1&#8243; _builder_version=\u00bb4.8.2&#8243; _module_preset=\u00bbdefault\u00bb custom_padding=\u00bb||126px|||\u00bb global_colors_info=\u00bb{}\u00bb][et_pb_row _builder_version=\u00bb4.8.2&#8243; _module_preset=\u00bbdefault\u00bb global_colors_info=\u00bb{}\u00bb][et_pb_column type=\u00bb4_4&#8243; _builder_version=\u00bb4.8.2&#8243; _module_preset=\u00bbdefault\u00bb global_colors_info=\u00bb{}\u00bb][et_pb_text _builder_version=\u00bb4.8.2&#8243; _module_preset=\u00bbdefault\u00bb text_text_color=\u00bb#000000&#8243; header_text_align=\u00bbcenter\u00bb header_text_color=\u00bb#000000&#8243; header_font_size=\u00bb35px\u00bb custom_margin=\u00bb||18px|||\u00bb global_colors_info=\u00bb{}\u00bb]<\/p>\n<h1><strong>CONTACTO<\/strong><\/h1>\n<p>[\/et_pb_text][\/et_pb_column][\/et_pb_row][et_pb_row _builder_version=\u00bb4.8.2&#8243; _module_preset=\u00bbdefault\u00bb custom_padding=\u00bb3px||0px|||\u00bb global_colors_info=\u00bb{}\u00bb][et_pb_column type=\u00bb4_4&#8243; _builder_version=\u00bb4.8.2&#8243; _module_preset=\u00bbdefault\u00bb global_colors_info=\u00bb{}\u00bb][et_pb_divider _builder_version=\u00bb4.8.2&#8243; _module_preset=\u00bbdefault\u00bb min_height=\u00bb35px\u00bb global_colors_info=\u00bb{}\u00bb][\/et_pb_divider][\/et_pb_column][\/et_pb_row][et_pb_row column_structure=\u00bb1_3,2_3&#8243; use_custom_gutter=\u00bbon\u00bb make_equal=\u00bbon\u00bb _builder_version=\u00bb4.9.10&#8243; _module_preset=\u00bbdefault\u00bb width=\u00bb66%\u00bb max_width=\u00bb1066px\u00bb module_alignment=\u00bbcenter\u00bb global_colors_info=\u00bb{}\u00bb][et_pb_column type=\u00bb1_3&#8243; _builder_version=\u00bb4.9.10&#8243; _module_preset=\u00bbdefault\u00bb global_colors_info=\u00bb{}\u00bb][et_pb_text _builder_version=\u00bb4.10.8&#8243; _module_preset=\u00bbdefault\u00bb text_font=\u00bbArial|600|||||||\u00bb text_text_color=\u00bb#117f41&#8243; text_font_size=\u00bb17px\u00bb text_line_height=\u00bb1.8em\u00bb hover_enabled=\u00bb0&#8243; global_colors_info=\u00bb{}\u00bb sticky_enabled=\u00bb0&#8243;]<\/p>\n<div class=\"textwidget\">\n<p>&nbsp;<\/p>\n<p>Calle Ingeniero Juan de la Cierva 36, 2\u00aa planta, 10A<br \/>14013, C\u00f3rdoba<\/p>\n<p><strong>Contacto y atenci\u00f3n t\u00e9cnica: 655845684<\/strong><\/p>\n<\/div>\n<p>[\/et_pb_text][\/et_pb_column][et_pb_column type=\u00bb2_3&#8243; _builder_version=\u00bb4.9.10&#8243; _module_preset=\u00bbdefault\u00bb global_colors_info=\u00bb{}\u00bb][et_pb_image src=\u00bbhttps:\/\/centrodenegocioscordoba.com\/hispacer\/wp-content\/uploads\/sites\/10\/2021\/05\/localizacion-hispacer.png\u00bb title_text=\u00bblocalizacion-hispacer\u00bb _builder_version=\u00bb4.9.4&#8243; _module_preset=\u00bbdefault\u00bb global_colors_info=\u00bb{}\u00bb][\/et_pb_image][\/et_pb_column][\/et_pb_row][\/et_pb_section]<\/p>\n","protected":false},"excerpt":{"rendered":"<p>CONTACTO &nbsp; Calle Ingeniero Juan de la Cierva 36, 2\u00aa planta, 10A14013, C\u00f3rdoba Contacto y atenci\u00f3n t\u00e9cnica: 655845684<\/p>\n","protected":false},"author":1,"featured_media":0,"parent":0,"menu_order":0,"comment_status":"closed","ping_status":"closed","template":"","meta":{"_et_pb_use_builder":"on","_et_pb_old_content":"","_et_gb_content_width":"","footnotes":""},"class_list":["post-51","page","type-page","status-publish","hentry"],"_links":{"self":[{"href":"https:\/\/centrodenegocioscordoba.com\/hispacer\/wp-json\/wp\/v2\/pages\/51","targetHints":{"allow":["GET"]}}],"collection":[{"href":"https:\/\/centrodenegocioscordoba.com\/hispacer\/wp-json\/wp\/v2\/pages"}],"about":[{"href":"https:\/\/centrodenegocioscordoba.com\/hispacer\/wp-json\/wp\/v2\/types\/page"}],"author":[{"embeddable":true,"href":"https:\/\/centrodenegocioscordoba.com\/hispacer\/wp-json\/wp\/v2\/users\/1"}],"replies":[{"embeddable":true,"href":"https:\/\/centrodenegocioscordoba.com\/hispacer\/wp-json\/wp\/v2\/comments?post=51"}],"version-history":[{"count":4,"href":"https:\/\/centrodenegocioscordoba.com\/hispacer\/wp-json\/wp\/v2\/pages\/51\/revisions"}],"predecessor-version":[{"id":1901,"href":"https:\/\/centrodenegocioscordoba.com\/hispacer\/wp-json\/wp\/v2\/pages\/51\/revisions\/1901"}],"wp:attachment":[{"href":"https:\/\/centrodenegocioscordoba.com\/hispacer\/wp-json\/wp\/v2\/media?parent=51"}],"curies":[{"name":"wp","href":"https:\/\/api.w.org\/{rel}","templated":true}]}}