{"id":55,"date":"2021-02-03T11:10:59","date_gmt":"2021-02-03T11:10:59","guid":{"rendered":"https:\/\/gestimedios.com\/?page_id=55"},"modified":"2021-08-02T10:43:11","modified_gmt":"2021-08-02T10:43:11","slug":"empresa","status":"publish","type":"page","link":"https:\/\/centrodenegocioscordoba.com\/hispacer\/empresa\/","title":{"rendered":"Empresa"},"content":{"rendered":"<p>[et_pb_section fb_built=\u00bb1&#8243; disabled_on=\u00bboff|on|off\u00bb _builder_version=\u00bb4.9.10&#8243; _module_preset=\u00bbdefault\u00bb custom_padding=\u00bb||29px|||\u00bb][et_pb_row _builder_version=\u00bb4.8.2&#8243; _module_preset=\u00bbdefault\u00bb][et_pb_column type=\u00bb4_4&#8243; _builder_version=\u00bb4.8.2&#8243; _module_preset=\u00bbdefault\u00bb][et_pb_text _builder_version=\u00bb4.8.2&#8243; _module_preset=\u00bbdefault\u00bb header_text_align=\u00bbcenter\u00bb header_text_color=\u00bb#000000&#8243; header_font_size=\u00bb35px\u00bb]<\/p>\n<h1><strong>EMPRESA<\/strong><\/h1>\n<p>[\/et_pb_text][\/et_pb_column][\/et_pb_row][et_pb_row _builder_version=\u00bb4.8.2&#8243; _module_preset=\u00bbdefault\u00bb custom_padding=\u00bb3px||0px|||\u00bb][et_pb_column type=\u00bb4_4&#8243; _builder_version=\u00bb4.8.2&#8243; _module_preset=\u00bbdefault\u00bb][et_pb_divider _builder_version=\u00bb4.8.2&#8243; _module_preset=\u00bbdefault\u00bb custom_margin=\u00bb10px|||||\u00bb][\/et_pb_divider][\/et_pb_column][\/et_pb_row][et_pb_row column_structure=\u00bb1_2,1_2&#8243; _builder_version=\u00bb4.9.4&#8243; _module_preset=\u00bbdefault\u00bb custom_margin=\u00bb|auto|55px|auto||\u00bb custom_padding=\u00bb31px||0px|||\u00bb][et_pb_column type=\u00bb1_2&#8243; _builder_version=\u00bb4.9.4&#8243; _module_preset=\u00bbdefault\u00bb][et_pb_video src=\u00bbhttps:\/\/centrodenegocioscordoba.com\/hispacer\/wp-content\/uploads\/sites\/10\/2021\/03\/mixkit-loading-a-cargo-truck-22983-medium_Trim-convert-video-online.com_.mp4&#8243; _builder_version=\u00bb4.9.4&#8243; _module_preset=\u00bbdefault\u00bb][\/et_pb_video][\/et_pb_column][et_pb_column type=\u00bb1_2&#8243; _builder_version=\u00bb4.9.4&#8243; _module_preset=\u00bbdefault\u00bb][et_pb_text _builder_version=\u00bb4.9.4&#8243; _module_preset=\u00bbdefault\u00bb custom_margin=\u00bb26px|||||\u00bb]<\/p>\n<div class=\"j83agx80\">\n<div>\n<div class=\"dwo3fsh8 g5ia77u1 rt8b4zig n8ej3o3l agehan2d sk4xxmp2 rq0escxv q9uorilb kvgmc6g5 cxmmr5t8 oygrvhab hcukyx3x jb3vyjys rz4wbd8a qt6c0cv9 a8nywdso l9j0dhe7 i1ao9s8h k4urcfbm\">\n<div class=\"j83agx80 cbu4d94t sj5x9vvc cxgpxx05\">\n<div class=\"rq0escxv l9j0dhe7 du4w35lb j83agx80 pfnyh3mw jifvfom9 ll8tlv6m owycx6da btwxx1t3 hv4rvrfc dati1w0a jb3vyjys b5q2rw42 lq239pai mysgfdmx hddg9phg\">\n<div class=\"rq0escxv l9j0dhe7 du4w35lb j83agx80 cbu4d94t g5gj957u d2edcug0 hpfvmrgz rj1gh0hx buofh1pr o8rfisnq p8fzw8mz pcp91wgn iuny7tx3 ipjc6fyt\">\n<div class=\"j83agx80 cbu4d94t ew0dbk1b irj2b8pg\">\n<div class=\"qzhwtbm6 knvmm38d\">\n<div class=\"j83agx80 cbu4d94t ew0dbk1b irj2b8pg\">\n<div class=\"qzhwtbm6 knvmm38d\">\n<div class=\"kvgmc6g5 cxmmr5t8 oygrvhab hcukyx3x c1et5uql\">\n<p dir=\"auto\"><strong><span style=\"font-size: small;\"><span style=\"color: #008080;\">Hispacer es una empresa dedicada al sector de la automoci\u00f3n y maquinaria para talleres<\/span>.<\/span><\/strong><\/p>\n<\/div>\n<\/div>\n<\/div>\n<\/div>\n<\/div>\n<\/div>\n<\/div>\n<\/div>\n<\/div>\n<\/div>\n<\/div>\n<div class=\"j83agx80\">\n<div class=\"dwo3fsh8 g5ia77u1 rt8b4zig n8ej3o3l agehan2d sk4xxmp2 rq0escxv q9uorilb kvgmc6g5 cxmmr5t8 oygrvhab hcukyx3x jb3vyjys rz4wbd8a qt6c0cv9 a8nywdso l9j0dhe7 i1ao9s8h k4urcfbm\">\n<div class=\"j83agx80 cbu4d94t sj5x9vvc cxgpxx05\">\n<div class=\"rq0escxv l9j0dhe7 du4w35lb j83agx80 pfnyh3mw jifvfom9 ll8tlv6m owycx6da btwxx1t3 hv4rvrfc dati1w0a jb3vyjys b5q2rw42 lq239pai mysgfdmx hddg9phg\">\n<div class=\"rq0escxv l9j0dhe7 du4w35lb j83agx80 cbu4d94t g5gj957u d2edcug0 hpfvmrgz rj1gh0hx buofh1pr o8rfisnq p8fzw8mz pcp91wgn iuny7tx3 ipjc6fyt\">\n<div class=\"j83agx80 cbu4d94t ew0dbk1b irj2b8pg\">\n<div class=\"qzhwtbm6 knvmm38d\">\n<div class=\"j83agx80 cbu4d94t ew0dbk1b irj2b8pg\">\n<div class=\"qzhwtbm6 knvmm38d\">\n<div class=\"o9v6fnle cxmmr5t8 oygrvhab hcukyx3x c1et5uql\">\n<p dir=\"auto\"><span style=\"font-size: small;\">Realizamos <b>servicios\u00a0<\/b>de:<\/span><\/p>\n<div dir=\"auto\">\n<ul>\n<li>\n<p><span style=\"font-size: small;\">Distribuci\u00f3n\u00a0de aditivos y tratamientos para motores en general.<\/span><\/p>\n<\/li>\n<li>\n<p><span style=\"font-size: small;\">Distribuci\u00f3n de gas ecol\u00f3gico para cargas de aire acondicionado de veh\u00edculos y electrodom\u00e9sticos de hogar y hosteler\u00eda.<\/span><\/p>\n<\/li>\n<li>\n<p><span style=\"font-size: small;\">Venta de\u00a0herramientas y maquinaria, como m\u00e1quinas de ozono o m\u00e1quinas de limpieza de ultrasonidos.<\/span><\/p>\n<p><span style=\"font-size: small;\">Asimismo, tenemos una amplia gama de aditivos para motores y tratamientos, para <strong><span style=\"color: #008080;\">cuidar la maquinaria y el funcionamiento<\/span><\/strong> de todo tipo de veh\u00edculos.<\/span>\u00a0<\/p>\n<\/li>\n<\/ul>\n<\/div>\n<\/div>\n<\/div>\n<\/div>\n<\/div>\n<\/div>\n<\/div>\n<\/div>\n<\/div>\n<\/div>\n<\/div>\n<p>[\/et_pb_text][\/et_pb_column][\/et_pb_row][\/et_pb_section]<\/p>\n","protected":false},"excerpt":{"rendered":"<p>EMPRESA Hispacer es una empresa dedicada al sector de la automoci\u00f3n y maquinaria para talleres. Realizamos servicios\u00a0de: Distribuci\u00f3n\u00a0de aditivos y tratamientos para motores en general. Distribuci\u00f3n de gas ecol\u00f3gico para cargas de aire acondicionado de veh\u00edculos y electrodom\u00e9sticos de hogar y hosteler\u00eda. Venta de\u00a0herramientas y maquinaria, como m\u00e1quinas de ozono o m\u00e1quinas de limpieza de [&hellip;]<\/p>\n","protected":false},"author":1,"featured_media":0,"parent":0,"menu_order":0,"comment_status":"closed","ping_status":"closed","template":"","meta":{"_et_pb_use_builder":"on","_et_pb_old_content":"","_et_gb_content_width":"","footnotes":""},"class_list":["post-55","page","type-page","status-publish","hentry"],"_links":{"self":[{"href":"https:\/\/centrodenegocioscordoba.com\/hispacer\/wp-json\/wp\/v2\/pages\/55","targetHints":{"allow":["GET"]}}],"collection":[{"href":"https:\/\/centrodenegocioscordoba.com\/hispacer\/wp-json\/wp\/v2\/pages"}],"about":[{"href":"https:\/\/centrodenegocioscordoba.com\/hispacer\/wp-json\/wp\/v2\/types\/page"}],"author":[{"embeddable":true,"href":"https:\/\/centrodenegocioscordoba.com\/hispacer\/wp-json\/wp\/v2\/users\/1"}],"replies":[{"embeddable":true,"href":"https:\/\/centrodenegocioscordoba.com\/hispacer\/wp-json\/wp\/v2\/comments?post=55"}],"version-history":[{"count":5,"href":"https:\/\/centrodenegocioscordoba.com\/hispacer\/wp-json\/wp\/v2\/pages\/55\/revisions"}],"predecessor-version":[{"id":1879,"href":"https:\/\/centrodenegocioscordoba.com\/hispacer\/wp-json\/wp\/v2\/pages\/55\/revisions\/1879"}],"wp:attachment":[{"href":"https:\/\/centrodenegocioscordoba.com\/hispacer\/wp-json\/wp\/v2\/media?parent=55"}],"curies":[{"name":"wp","href":"https:\/\/api.w.org\/{rel}","templated":true}]}}