{"id":55,"date":"2021-02-03T11:10:59","date_gmt":"2021-02-03T11:10:59","guid":{"rendered":"https:\/\/gestimedios.com\/?page_id=55"},"modified":"2021-02-10T11:57:42","modified_gmt":"2021-02-10T11:57:42","slug":"empresa","status":"publish","type":"page","link":"https:\/\/centrodenegocioscordoba.com\/tresdebox\/empresa\/","title":{"rendered":"Empresa"},"content":{"rendered":"<p>[et_pb_section fb_built=\u00bb1&#8243; _builder_version=\u00bb4.8.2&#8243; _module_preset=\u00bbdefault\u00bb][et_pb_row _builder_version=\u00bb4.8.2&#8243; _module_preset=\u00bbdefault\u00bb][et_pb_column type=\u00bb4_4&#8243; _builder_version=\u00bb4.8.2&#8243; _module_preset=\u00bbdefault\u00bb][et_pb_text _builder_version=\u00bb4.8.2&#8243; _module_preset=\u00bbdefault\u00bb header_text_align=\u00bbcenter\u00bb header_text_color=\u00bb#000000&#8243; header_font_size=\u00bb35px\u00bb hover_enabled=\u00bb0&#8243; sticky_enabled=\u00bb0&#8243;]<\/p>\n<h1><strong>EMPRESA<\/strong><\/h1>\n<p>[\/et_pb_text][\/et_pb_column][\/et_pb_row][et_pb_row column_structure=\u00bb1_2,1_2&#8243; _builder_version=\u00bb4.8.2&#8243; _module_preset=\u00bbdefault\u00bb custom_margin=\u00bb23px|auto||auto||\u00bb][et_pb_column _builder_version=\u00bb4.8.2&#8243; _module_preset=\u00bbdefault\u00bb type=\u00bb1_2&#8243;][et_pb_gallery _builder_version=\u00bb4.8.2&#8243; _module_preset=\u00bbdefault\u00bb gallery_ids=\u00bb86,90,92,87,88,89,91,93&#8243; fullwidth=\u00bbon\u00bb width=\u00bb100%\u00bb module_alignment=\u00bbcenter\u00bb custom_margin=\u00bb0px||||false|false\u00bb animation_style=\u00bbslide\u00bb animation_duration=\u00bb1550ms\u00bb animation_delay=\u00bb400ms\u00bb animation_intensity_slide=\u00bb0%\u00bb hover_enabled=\u00bb0&#8243; sticky_enabled=\u00bb0&#8243; transform_scale=\u00bb104%|104%\u00bb animation_starting_opacity=\u00bb8%\u00bb][\/et_pb_gallery][\/et_pb_column][et_pb_column type=\u00bb1_2&#8243; _builder_version=\u00bb4.8.2&#8243; _module_preset=\u00bbdefault\u00bb][et_pb_text _builder_version=\u00bb4.8.2&#8243; _module_preset=\u00bbdefault\u00bb hover_enabled=\u00bb0&#8243; sticky_enabled=\u00bb0&#8243; custom_margin=\u00bb|||29px||\u00bb]<\/p>\n<div class=\"j83agx80\">\n<div>\n<div class=\"dwo3fsh8 g5ia77u1 rt8b4zig n8ej3o3l agehan2d sk4xxmp2 rq0escxv q9uorilb kvgmc6g5 cxmmr5t8 oygrvhab hcukyx3x jb3vyjys rz4wbd8a qt6c0cv9 a8nywdso l9j0dhe7 i1ao9s8h k4urcfbm\">\n<div class=\"j83agx80 cbu4d94t sj5x9vvc cxgpxx05\">\n<div class=\"rq0escxv l9j0dhe7 du4w35lb j83agx80 pfnyh3mw jifvfom9 ll8tlv6m owycx6da btwxx1t3 hv4rvrfc dati1w0a jb3vyjys b5q2rw42 lq239pai mysgfdmx hddg9phg\">\n<div class=\"rq0escxv l9j0dhe7 du4w35lb j83agx80 cbu4d94t g5gj957u d2edcug0 hpfvmrgz rj1gh0hx buofh1pr o8rfisnq p8fzw8mz pcp91wgn iuny7tx3 ipjc6fyt\">\n<div class=\"j83agx80 cbu4d94t ew0dbk1b irj2b8pg\">\n<div class=\"qzhwtbm6 knvmm38d\">\n<div class=\"j83agx80 cbu4d94t ew0dbk1b irj2b8pg\">\n<div class=\"qzhwtbm6 knvmm38d\">\n<div class=\"kvgmc6g5 cxmmr5t8 oygrvhab hcukyx3x c1et5uql\">\n<p dir=\"auto\">Somos un estudio de<strong> ?????????\u0301? ?? ? ?????\u0303?<\/strong>?.\u00a0Estamos especializados en la creaci\u00f3n de im\u00e1genes y v\u00eddeos con una gran fidelidad y realismo.<\/p>\n<\/div>\n<\/div>\n<\/div>\n<\/div>\n<\/div>\n<\/div>\n<\/div>\n<\/div>\n<\/div>\n<\/div>\n<\/div>\n<div class=\"j83agx80\">\n<div class=\"dwo3fsh8 g5ia77u1 rt8b4zig n8ej3o3l agehan2d sk4xxmp2 rq0escxv q9uorilb kvgmc6g5 cxmmr5t8 oygrvhab hcukyx3x jb3vyjys rz4wbd8a qt6c0cv9 a8nywdso l9j0dhe7 i1ao9s8h k4urcfbm\">\n<div class=\"j83agx80 cbu4d94t sj5x9vvc cxgpxx05\">\n<div class=\"rq0escxv l9j0dhe7 du4w35lb j83agx80 pfnyh3mw jifvfom9 ll8tlv6m owycx6da btwxx1t3 hv4rvrfc dati1w0a jb3vyjys b5q2rw42 lq239pai mysgfdmx hddg9phg\">\n<div class=\"rq0escxv l9j0dhe7 du4w35lb j83agx80 cbu4d94t g5gj957u d2edcug0 hpfvmrgz rj1gh0hx buofh1pr o8rfisnq p8fzw8mz pcp91wgn iuny7tx3 ipjc6fyt\">\n<div class=\"j83agx80 cbu4d94t ew0dbk1b irj2b8pg\">\n<div class=\"qzhwtbm6 knvmm38d\">\n<div class=\"j83agx80 cbu4d94t ew0dbk1b irj2b8pg\">\n<div class=\"qzhwtbm6 knvmm38d\">\n<div class=\"o9v6fnle cxmmr5t8 oygrvhab hcukyx3x c1et5uql\">\n<p dir=\"auto\">\n<p dir=\"auto\">Simplificamos y representamos la informaci\u00f3n que es complicada de entender con texto. Con un simple vistazo podemos captar lo que queremos representar, haciendo a los usuarios que la informaci\u00f3n dada sea m\u00e1s f\u00e1cil de entender, asimilar y recordar.<\/p>\n<p dir=\"auto\">\n<div dir=\"auto\">\n<p dir=\"auto\">Realizamos <strong>representaciones<\/strong> de:<\/p>\n<ul>\n<li><span>recreaciones arqueol\u00f3gicas<\/span><\/li>\n<li dir=\"auto\"><span>infoarquitectura<\/span><\/li>\n<li dir=\"auto\"><span>mobiliario<\/span><\/li>\n<li dir=\"auto\"><span> producto<\/span><\/li>\n<\/ul>\n<\/div>\n<\/div>\n<\/div>\n<\/div>\n<\/div>\n<\/div>\n<\/div>\n<\/div>\n<\/div>\n<\/div>\n<\/div>\n<p>[\/et_pb_text][\/et_pb_column][\/et_pb_row][\/et_pb_section]<\/p>\n","protected":false},"excerpt":{"rendered":"<p>EMPRESA Somos un estudio de ?????????\u0301? ?? ? ?????\u0303??.\u00a0Estamos especializados en la creaci\u00f3n de im\u00e1genes y v\u00eddeos con una gran fidelidad y realismo. Simplificamos y representamos la informaci\u00f3n que es complicada de entender con texto. Con un simple vistazo podemos captar lo que queremos representar, haciendo a los usuarios que la informaci\u00f3n dada sea m\u00e1s [&hellip;]<\/p>\n","protected":false},"author":1,"featured_media":0,"parent":0,"menu_order":0,"comment_status":"closed","ping_status":"closed","template":"","meta":{"_et_pb_use_builder":"on","_et_pb_old_content":"","_et_gb_content_width":"","footnotes":""},"class_list":["post-55","page","type-page","status-publish","hentry"],"_links":{"self":[{"href":"https:\/\/centrodenegocioscordoba.com\/tresdebox\/wp-json\/wp\/v2\/pages\/55","targetHints":{"allow":["GET"]}}],"collection":[{"href":"https:\/\/centrodenegocioscordoba.com\/tresdebox\/wp-json\/wp\/v2\/pages"}],"about":[{"href":"https:\/\/centrodenegocioscordoba.com\/tresdebox\/wp-json\/wp\/v2\/types\/page"}],"author":[{"embeddable":true,"href":"https:\/\/centrodenegocioscordoba.com\/tresdebox\/wp-json\/wp\/v2\/users\/1"}],"replies":[{"embeddable":true,"href":"https:\/\/centrodenegocioscordoba.com\/tresdebox\/wp-json\/wp\/v2\/comments?post=55"}],"version-history":[{"count":4,"href":"https:\/\/centrodenegocioscordoba.com\/tresdebox\/wp-json\/wp\/v2\/pages\/55\/revisions"}],"predecessor-version":[{"id":100,"href":"https:\/\/centrodenegocioscordoba.com\/tresdebox\/wp-json\/wp\/v2\/pages\/55\/revisions\/100"}],"wp:attachment":[{"href":"https:\/\/centrodenegocioscordoba.com\/tresdebox\/wp-json\/wp\/v2\/media?parent=55"}],"curies":[{"name":"wp","href":"https:\/\/api.w.org\/{rel}","templated":true}]}}